{"id":20,"date":"2021-05-28T22:00:34","date_gmt":"2021-05-28T20:00:34","guid":{"rendered":"http:\/\/gresivolant.fr\/?page_id=20"},"modified":"2025-07-07T15:47:34","modified_gmt":"2025-07-07T13:47:34","slug":"plan-dacces-horaires","status":"publish","type":"page","link":"https:\/\/gresivolant.fr\/?page_id=20","title":{"rendered":"Plan d&rsquo;acc\u00e8s \/ horaires"},"content":{"rendered":"\n<p><strong>Important :&nbsp;<\/strong>&nbsp;<\/p>\n\n\n\n<p>Des <strong>chaussures \u00e0 semelles non marquantes<\/strong> et mises uniquement dans le gymnase sont&nbsp;<strong>obligatoires<\/strong>.&nbsp;<\/p>\n\n\n\n<p><strong>Tous les cr\u00e9neaux se d\u00e9roulent au Gymnase Roger Frison-Roche<\/strong> (gymnase du lyc\u00e9e).<\/p>\n\n\n\n<h2 class=\"wp-block-heading\">Horaires :<\/h2>\n\n\n\n<p><em>LUNDI :<\/em>&nbsp;<\/p>\n\n\n\n<ul class=\"wp-block-list\">\n<li><strong>18h \u2013 20h :<\/strong>&nbsp;Entrainement benjamin\/minime\/cadets\/junior avec L\u00e9o<\/li>\n\n\n\n<li><strong>20h \u2013 22h30 :<\/strong>&nbsp;Loisirs&nbsp;adultes<\/li>\n<\/ul>\n\n\n\n<p><em>MERCREDI :<\/em>&nbsp;<\/p>\n\n\n\n<ul class=\"wp-block-list\">\n<li><strong>14h30 &#8211; 15h45 :<\/strong>&nbsp;MiniBad\/Poussin avec L\u00e9o<\/li>\n\n\n\n<li><strong>18h &#8211; 19h30<\/strong> : Entrainement benjamin\/minime\/cadets\/junior avec L\u00e9o<\/li>\n\n\n\n<li><strong>19h30 \u2013 20h45 :<\/strong>&nbsp;Entrainement adultes avec L\u00e9o<\/li>\n\n\n\n<li><strong>20h45 \u2013 22h30 :<\/strong>&nbsp;Loisirs&nbsp;adultes<\/li>\n<\/ul>\n\n\n\n<p><em>JEUDI :<\/em>&nbsp;<\/p>\n\n\n\n<ul class=\"wp-block-list\">\n<li><strong>20h30 \u2013 22h30 :<\/strong>&nbsp;Loisirs&nbsp;adultes<\/li>\n<\/ul>\n\n\n\n<p>Les entra\u00eenements et initiations sont organis\u00e9s par L\u00e9o notre entraineur, titulaire d\u2019un BE.&nbsp;<\/p>\n\n\n\n<h2 class=\"wp-block-heading\"><strong>Lieu :<\/strong>&nbsp;<\/h2>\n\n\n\n<p><strong>Gymnase Roger Frison-Roche<\/strong>&nbsp;du lyc\u00e9e Marie&nbsp;Reynoard&nbsp;<\/p>\n\n\n\n<p>\u202f\u202f\u202f 46, rue Louis N\u00e9el 38190 Villard Bonnot&nbsp;<\/p>\n\n\n\n<p><\/p>\n","protected":false},"excerpt":{"rendered":"<p>Important :&nbsp;&nbsp; Des chaussures \u00e0 semelles non marquantes et mises uniquement dans le gymnase sont&nbsp;obligatoires.&nbsp; Tous les cr\u00e9neaux se d\u00e9roulent au Gymnase Roger Frison-Roche (gymnase du lyc\u00e9e). Horaires : LUNDI :&nbsp; MERCREDI :&nbsp; JEUDI :&nbsp; Les entra\u00eenements et initiations sont organis\u00e9s par L\u00e9o notre entraineur, titulaire d\u2019un BE.&nbsp; Lieu :&nbsp; Gymnase Roger Frison-Roche&nbsp;du lyc\u00e9e Marie&nbsp;Reynoard&nbsp; [&hellip;]<\/p>\n","protected":false},"author":1,"featured_media":0,"parent":0,"menu_order":0,"comment_status":"closed","ping_status":"closed","template":"","meta":{"footnotes":""},"class_list":["post-20","page","type-page","status-publish","hentry"],"_links":{"self":[{"href":"https:\/\/gresivolant.fr\/index.php?rest_route=\/wp\/v2\/pages\/20","targetHints":{"allow":["GET"]}}],"collection":[{"href":"https:\/\/gresivolant.fr\/index.php?rest_route=\/wp\/v2\/pages"}],"about":[{"href":"https:\/\/gresivolant.fr\/index.php?rest_route=\/wp\/v2\/types\/page"}],"author":[{"embeddable":true,"href":"https:\/\/gresivolant.fr\/index.php?rest_route=\/wp\/v2\/users\/1"}],"replies":[{"embeddable":true,"href":"https:\/\/gresivolant.fr\/index.php?rest_route=%2Fwp%2Fv2%2Fcomments&post=20"}],"version-history":[{"count":6,"href":"https:\/\/gresivolant.fr\/index.php?rest_route=\/wp\/v2\/pages\/20\/revisions"}],"predecessor-version":[{"id":302,"href":"https:\/\/gresivolant.fr\/index.php?rest_route=\/wp\/v2\/pages\/20\/revisions\/302"}],"wp:attachment":[{"href":"https:\/\/gresivolant.fr\/index.php?rest_route=%2Fwp%2Fv2%2Fmedia&parent=20"}],"curies":[{"name":"wp","href":"https:\/\/api.w.org\/{rel}","templated":true}]}}